{"id":3457,"date":"2025-09-28T23:14:45","date_gmt":"2025-09-28T21:14:45","guid":{"rendered":"https:\/\/www.soblume.de\/?page_id=3457"},"modified":"2026-01-01T11:13:12","modified_gmt":"2026-01-01T10:13:12","slug":"unsere-raeume-mieten","status":"publish","type":"page","link":"https:\/\/www.soblume.de\/?page_id=3457","title":{"rendered":"unsere R\u00e4ume mieten"},"content":{"rendered":"<p>Gerne k\u00f6nnen Sie unsere R\u00e4ume auch f\u00fcr private Feiern oder Seminare mieten.<\/p>\n<p>Der Zugang ist ohne Treppen m\u00f6glich. Kostenlose Parkpl\u00e4tze sind an der Stra\u00dfe vor dem Haus. Die Bushaltestelle &#8222;Schmiedeberg, Ziegengasse&#8220; ist nicht weit.<br \/>\nBei Bedarf k\u00f6nnen Sie unsere K\u00fcche nutzen; eine Leinwand und Stereoanlage sind vorhanden.<\/p>\n<p><a href=\"http:\/\/www.soblume.de\/php\/wp-content\/uploads\/2026\/01\/gr_raum1-scaled.jpg\"><img loading=\"lazy\" decoding=\"async\" class=\"alignnone wp-image-3479 size-thumbnail\" src=\"http:\/\/www.soblume.de\/php\/wp-content\/uploads\/2026\/01\/gr_raum1-150x150.jpg\" alt=\"\" width=\"150\" height=\"150\" \/><\/a> \u00a0 <a href=\"http:\/\/www.soblume.de\/php\/wp-content\/uploads\/2026\/01\/kl_Raum1-scaled.jpg\">\u00a0\u00a0<\/a><a href=\"http:\/\/www.soblume.de\/php\/wp-content\/uploads\/2026\/01\/kl_Raum1-scaled.jpg\"><img loading=\"lazy\" decoding=\"async\" class=\"alignnone wp-image-3480 size-thumbnail\" src=\"http:\/\/www.soblume.de\/php\/wp-content\/uploads\/2026\/01\/kl_Raum1-150x150.jpg\" alt=\"\" width=\"150\" height=\"150\" \/>\u00a0<\/a> \u00a0\u00a0 <a href=\"http:\/\/www.soblume.de\/php\/wp-content\/uploads\/2026\/01\/Kueche2-scaled.jpg\"><img loading=\"lazy\" decoding=\"async\" class=\"wp-image-3481 size-thumbnail\" src=\"http:\/\/www.soblume.de\/php\/wp-content\/uploads\/2026\/01\/Kueche2-150x150.jpg\" alt=\"\" width=\"150\" height=\"150\" \/><\/a><\/p>\n","protected":false},"excerpt":{"rendered":"<p>Gerne k\u00f6nnen Sie unsere R\u00e4ume auch f\u00fcr private Feiern oder Seminare mieten. Der Zugang ist ohne Treppen m\u00f6glich. Kostenlose Parkpl\u00e4tze sind an der Stra\u00dfe vor dem Haus. Die Bushaltestelle &#8222;Schmiedeberg, Ziegengasse&#8220; ist nicht weit. Bei Bedarf k\u00f6nnen Sie unsere K\u00fcche nutzen; eine Leinwand und Stereoanlage sind vorhanden. \u00a0 \u00a0\u00a0\u00a0 \u00a0\u00a0<\/p>\n","protected":false},"author":2,"featured_media":3478,"parent":0,"menu_order":0,"comment_status":"closed","ping_status":"closed","template":"","meta":{"footnotes":""},"class_list":["post-3457","page","type-page","status-publish","has-post-thumbnail","hentry"],"_links":{"self":[{"href":"https:\/\/www.soblume.de\/index.php?rest_route=\/wp\/v2\/pages\/3457","targetHints":{"allow":["GET"]}}],"collection":[{"href":"https:\/\/www.soblume.de\/index.php?rest_route=\/wp\/v2\/pages"}],"about":[{"href":"https:\/\/www.soblume.de\/index.php?rest_route=\/wp\/v2\/types\/page"}],"author":[{"embeddable":true,"href":"https:\/\/www.soblume.de\/index.php?rest_route=\/wp\/v2\/users\/2"}],"replies":[{"embeddable":true,"href":"https:\/\/www.soblume.de\/index.php?rest_route=%2Fwp%2Fv2%2Fcomments&post=3457"}],"version-history":[{"count":8,"href":"https:\/\/www.soblume.de\/index.php?rest_route=\/wp\/v2\/pages\/3457\/revisions"}],"predecessor-version":[{"id":3487,"href":"https:\/\/www.soblume.de\/index.php?rest_route=\/wp\/v2\/pages\/3457\/revisions\/3487"}],"wp:featuredmedia":[{"embeddable":true,"href":"https:\/\/www.soblume.de\/index.php?rest_route=\/wp\/v2\/media\/3478"}],"wp:attachment":[{"href":"https:\/\/www.soblume.de\/index.php?rest_route=%2Fwp%2Fv2%2Fmedia&parent=3457"}],"curies":[{"name":"wp","href":"https:\/\/api.w.org\/{rel}","templated":true}]}}