{"id":42,"date":"2014-03-31T10:38:21","date_gmt":"2014-03-31T08:38:21","guid":{"rendered":"http:\/\/www.verein-sonnenblume.de\/php\/?page_id=42"},"modified":"2015-11-28T22:22:52","modified_gmt":"2015-11-28T21:22:52","slug":"impressum","status":"publish","type":"page","link":"https:\/\/www.soblume.de\/?page_id=42","title":{"rendered":"Impressum"},"content":{"rendered":"<p>Beachten Sie bitte den Haftungsausschluss unter<a href=\"http:\/\/www.disclaimer.de\/disclaimer.htm?farbe=FFFFFF\/000000\/000000\/000000\"><br \/>\n<img loading=\"lazy\" decoding=\"async\" src=\"http:\/\/www.disclaimer.de\/images\/d_gold.gif\" alt=\"disclaimer\" width=\"84\" height=\"20\" border=\"0\" \/><br \/>\n<\/a>Impressum gem\u00e4\u00df \u00a7 6 Teledienstegesetz (TDG)<\/p>\n<p><strong>Begegnungsst\u00e4tte Sonnenblume<\/strong><br \/>\nein Projekt der <a href=\"http:\/\/www.baptisten-schmiedeberg.de\" target=\"_blank\">Evangelisch-Freikirchlichen Gemeinde Schmiedeberg<\/a><\/p>\n<p>Altenberger Stra\u00dfe 39<br \/>\nOT Schmiedeberg<br \/>\nD &#8211; 01744 Dippoldiswalde<\/p>\n<table border=\"0\" width=\"100%\">\n<tbody>\n<tr>\n<td width=\"99%\">\n<div>\n<table border=\"0\" cellpadding=\"2\">\n<tbody>\n<tr>\n<td width=\"71\">Tel:<\/td>\n<td width=\"267\">(035 052) 61 471<\/td>\n<\/tr>\n<tr>\n<td width=\"71\">Fax:<\/td>\n<td width=\"267\">(035 052) 26 618<\/td>\n<\/tr>\n<tr>\n<td width=\"71\"><\/td>\n<td width=\"267\">* * * * * * * * * * * * *<\/td>\n<\/tr>\n<tr>\n<td width=\"71\">eMail:<\/td>\n<td width=\"267\"><a href=\"mailto:info%3cat%3eSoBlume.de\">info&lt;at&gt;SoBlume.de<\/a><\/td>\n<\/tr>\n<tr>\n<td width=\"71\">www<\/td>\n<td width=\"267\"><a title=\"Home\" href=\"http:\/\/www.SoBlume.de\/\" target=\"_self\">www.SoBlume.de<\/a><\/td>\n<\/tr>\n<\/tbody>\n<\/table>\n<\/div>\n<\/td>\n<\/tr>\n<\/tbody>\n<\/table>\n<p><span style=\"text-decoration: underline;\"><strong>Haftungshinweis:<\/strong><\/span><br \/>\nTrotz sorgf\u00e4ltiger inhaltlicher Kontrolle \u00fcbernehmen wir keine Haftung f\u00fcr die Inhalte externer Links. F\u00fcr den Inhalt der verlinkten Seiten sind ausschlie\u00dflich deren Betreiber verantwortlich.<\/p>\n","protected":false},"excerpt":{"rendered":"<p>Beachten Sie bitte den Haftungsausschluss unter Impressum gem\u00e4\u00df \u00a7 6 Teledienstegesetz (TDG) Begegnungsst\u00e4tte Sonnenblume ein Projekt der Evangelisch-Freikirchlichen Gemeinde Schmiedeberg Altenberger Stra\u00dfe 39 OT Schmiedeberg D &#8211; 01744 Dippoldiswalde Tel: (035 052) 61 471 Fax: (035 052) 26 618 * * * * * * * * * * * * * eMail: info&lt;at&gt;SoBlume.de www [&hellip;]<\/p>\n","protected":false},"author":1,"featured_media":0,"parent":0,"menu_order":0,"comment_status":"closed","ping_status":"closed","template":"","meta":{"footnotes":""},"class_list":["post-42","page","type-page","status-publish","hentry"],"_links":{"self":[{"href":"https:\/\/www.soblume.de\/index.php?rest_route=\/wp\/v2\/pages\/42","targetHints":{"allow":["GET"]}}],"collection":[{"href":"https:\/\/www.soblume.de\/index.php?rest_route=\/wp\/v2\/pages"}],"about":[{"href":"https:\/\/www.soblume.de\/index.php?rest_route=\/wp\/v2\/types\/page"}],"author":[{"embeddable":true,"href":"https:\/\/www.soblume.de\/index.php?rest_route=\/wp\/v2\/users\/1"}],"replies":[{"embeddable":true,"href":"https:\/\/www.soblume.de\/index.php?rest_route=%2Fwp%2Fv2%2Fcomments&post=42"}],"version-history":[{"count":0,"href":"https:\/\/www.soblume.de\/index.php?rest_route=\/wp\/v2\/pages\/42\/revisions"}],"wp:attachment":[{"href":"https:\/\/www.soblume.de\/index.php?rest_route=%2Fwp%2Fv2%2Fmedia&parent=42"}],"curies":[{"name":"wp","href":"https:\/\/api.w.org\/{rel}","templated":true}]}}