{"id":534,"date":"2011-01-02T16:27:33","date_gmt":"2011-01-02T15:27:33","guid":{"rendered":"http:\/\/www.verein-sonnenblume.de\/?page_id=534"},"modified":"2022-08-24T21:31:32","modified_gmt":"2022-08-24T19:31:32","slug":"spendenverpflichtung","status":"publish","type":"page","link":"https:\/\/www.soblume.de\/?page_id=534","title":{"rendered":"Spenden"},"content":{"rendered":"<p>Die Begegnungsst\u00e4tte Sonnenblume finanziert sich aus Spenden und F\u00f6rdermitteln. Wir freuen uns besonders \u00fcber regelm\u00e4\u00dfige Unterst\u00fctzung.<\/p>\n<p>\u00dcber unseren Tr\u00e4ger stellen wir zum Jahresende daf\u00fcr eine Spendenbescheinigung aus.<\/p>\n<p><span style=\"text-decoration: underline;\">Unsere Kontoverbindung:\u00a0<\/span><\/p>\n<p>Evang.-Freik. Gemeinde Schmiedeberg<br \/>\nIBAN DE59500921000000613800\u00a0 \u00a0BIC: GENODE51BH2<\/p>\n<p>Verwendungszweck: Sonnenblume<\/p>\n","protected":false},"excerpt":{"rendered":"<p>Die Begegnungsst\u00e4tte Sonnenblume finanziert sich aus Spenden und F\u00f6rdermitteln. Wir freuen uns besonders \u00fcber regelm\u00e4\u00dfige Unterst\u00fctzung. \u00dcber unseren Tr\u00e4ger stellen wir zum Jahresende daf\u00fcr eine Spendenbescheinigung aus. Unsere Kontoverbindung:\u00a0 Evang.-Freik. Gemeinde Schmiedeberg IBAN DE59500921000000613800\u00a0 \u00a0BIC: GENODE51BH2 Verwendungszweck: Sonnenblume<\/p>\n","protected":false},"author":2,"featured_media":0,"parent":0,"menu_order":0,"comment_status":"closed","ping_status":"closed","template":"","meta":{"footnotes":""},"class_list":["post-534","page","type-page","status-publish","hentry"],"_links":{"self":[{"href":"https:\/\/www.soblume.de\/index.php?rest_route=\/wp\/v2\/pages\/534","targetHints":{"allow":["GET"]}}],"collection":[{"href":"https:\/\/www.soblume.de\/index.php?rest_route=\/wp\/v2\/pages"}],"about":[{"href":"https:\/\/www.soblume.de\/index.php?rest_route=\/wp\/v2\/types\/page"}],"author":[{"embeddable":true,"href":"https:\/\/www.soblume.de\/index.php?rest_route=\/wp\/v2\/users\/2"}],"replies":[{"embeddable":true,"href":"https:\/\/www.soblume.de\/index.php?rest_route=%2Fwp%2Fv2%2Fcomments&post=534"}],"version-history":[{"count":1,"href":"https:\/\/www.soblume.de\/index.php?rest_route=\/wp\/v2\/pages\/534\/revisions"}],"predecessor-version":[{"id":2926,"href":"https:\/\/www.soblume.de\/index.php?rest_route=\/wp\/v2\/pages\/534\/revisions\/2926"}],"wp:attachment":[{"href":"https:\/\/www.soblume.de\/index.php?rest_route=%2Fwp%2Fv2%2Fmedia&parent=534"}],"curies":[{"name":"wp","href":"https:\/\/api.w.org\/{rel}","templated":true}]}}