{"id":81,"date":"2009-03-23T23:39:59","date_gmt":"2009-03-23T22:39:59","guid":{"rendered":"http:\/\/www.verein-sonnenblume.de\/php\/?page_id=81"},"modified":"2022-12-24T12:34:25","modified_gmt":"2022-12-24T11:34:25","slug":"geschichte","status":"publish","type":"page","link":"https:\/\/www.soblume.de\/?page_id=81","title":{"rendered":"&#8230; wie die Sonnenblume gewachsen ist"},"content":{"rendered":"<p style=\"text-align: justify;\">Am 07.09.1998 ist der Verein Begegnungsst\u00e4tte Sonnenblume e.V. in der <a href=\"http:\/\/www.baptisten-schmiedeberg.de\/\" target=\"_new\" rel=\"noopener\">Friedenskapelle in Schmiedeberg<\/a> gegr\u00fcndet wurden. Es waren \u00fcber 30 Beitrittserkl\u00e4rungen eingegangen und 25 Gr\u00fcndungswillige haben an diesem Abend ihre Bereitschaft erkl\u00e4rt, die Sonnenblume zu unterst\u00fctzen und gehen als Gr\u00fcndungsmitglieder in die Vereinsgeschichte ein. Zahlreiche G\u00e4ste aus Kirche, Politik und Wirtschaft haben gratuliert und ihre Unterst\u00fctzung zugesagt. Begegnungsst\u00e4tte Sonnenblume e.V. CVJM, das ist der Name f\u00fcr die Begegnungsst\u00e4tte in Schmiedeberg, welche unter dem Dach des <a href=\"http:\/\/www.cvjm-sachsen.de\/\" target=\"_new\" rel=\"noopener\">CVJM&#8217;s in Sachsen<\/a> arbeitete. Sie war ein Anlaufpunkt insbesondere f\u00fcr Kinder und Jugendliche, Alleinstehende, Familien, sowie Personen in schwierigen Lebenslagen unabh\u00e4ngig von nationaler Zugeh\u00f6rigkeit und religi\u00f6sen Bekenntnis entfalten m\u00f6chte.<br \/>\nWie viel Menschen suchen eine sprudelnde Quelle, z.B. sechs Richtige im Lotto. Doch was wir brauchen sind nicht gro\u00dfe Lotto- oder Aktiengewinne, sondern unsere Welt braucht Menschen, die sich als Werkzeuge Gottes liebend den hilfesuchenden Menschen zuwenden.<\/p>\n<p style=\"text-align: justify;\">Die offizielle Wiederer\u00f6ffnung der Vereinsr\u00e4ume nach dem Hochwasser 2002 war am 03.05.2003. Viele G\u00e4ste konnten wir begr\u00fc\u00dfen.<\/p>\n<p style=\"text-align: justify;\">Nach langem \u00dcberlegen hat die Mitgliederversammlung am 12. Oktober 2010 beschlossen, die Begegnungsst\u00e4tte ab 2011 nicht mehr als CVJM-Verein, sondern als eigenst\u00e4ndige Arbeitsgruppe der <a href=\"http:\/\/www.baptisten-schmiedeberg.de\" target=\"_blank\" rel=\"noopener\">Evang.-Freik. Gemeinde Schmiedeberg<\/a> weiter zu f\u00fchren. Die Gemeindeversammlung der Evangelisch-Freikirchlichen Gemeinde hat dem am 24. November 2010 zugestimmt. Jetzt ist die Sonnenblume ein Projekt der Baptistengemeinde.<\/p>\n","protected":false},"excerpt":{"rendered":"<p>Am 07.09.1998 ist der Verein Begegnungsst\u00e4tte Sonnenblume e.V. in der Friedenskapelle in Schmiedeberg gegr\u00fcndet wurden. Es waren \u00fcber 30 Beitrittserkl\u00e4rungen eingegangen und 25 Gr\u00fcndungswillige haben an diesem Abend ihre Bereitschaft erkl\u00e4rt, die Sonnenblume zu unterst\u00fctzen und gehen als Gr\u00fcndungsmitglieder in die Vereinsgeschichte ein. Zahlreiche G\u00e4ste aus Kirche, Politik und Wirtschaft haben gratuliert und ihre Unterst\u00fctzung [&hellip;]<\/p>\n","protected":false},"author":1,"featured_media":0,"parent":0,"menu_order":0,"comment_status":"closed","ping_status":"closed","template":"","meta":{"footnotes":""},"class_list":["post-81","page","type-page","status-publish","hentry"],"_links":{"self":[{"href":"https:\/\/www.soblume.de\/index.php?rest_route=\/wp\/v2\/pages\/81","targetHints":{"allow":["GET"]}}],"collection":[{"href":"https:\/\/www.soblume.de\/index.php?rest_route=\/wp\/v2\/pages"}],"about":[{"href":"https:\/\/www.soblume.de\/index.php?rest_route=\/wp\/v2\/types\/page"}],"author":[{"embeddable":true,"href":"https:\/\/www.soblume.de\/index.php?rest_route=\/wp\/v2\/users\/1"}],"replies":[{"embeddable":true,"href":"https:\/\/www.soblume.de\/index.php?rest_route=%2Fwp%2Fv2%2Fcomments&post=81"}],"version-history":[{"count":3,"href":"https:\/\/www.soblume.de\/index.php?rest_route=\/wp\/v2\/pages\/81\/revisions"}],"predecessor-version":[{"id":3109,"href":"https:\/\/www.soblume.de\/index.php?rest_route=\/wp\/v2\/pages\/81\/revisions\/3109"}],"wp:attachment":[{"href":"https:\/\/www.soblume.de\/index.php?rest_route=%2Fwp%2Fv2%2Fmedia&parent=81"}],"curies":[{"name":"wp","href":"https:\/\/api.w.org\/{rel}","templated":true}]}}